{"id":23358,"date":"2024-04-09T12:27:22","date_gmt":"2024-04-09T12:27:22","guid":{"rendered":"https:\/\/firstwebrand.com\/expertise\/"},"modified":"2024-04-12T03:28:12","modified_gmt":"2024-04-12T03:28:12","slug":"expertise","status":"publish","type":"page","link":"https:\/\/firstwebrand.com\/fr\/expertise\/","title":{"rendered":"Expertise"},"content":{"rendered":"<p>De la conception initiale \u00e0 la production finale. Laissez-nous \u00eatre ce seul num\u00e9ro \u00e0 appeler (ou email) o\u00f9 tout est r\u00e9alis\u00e9 harmonieusement<\/p>\n","protected":false},"excerpt":{"rendered":"<p>De la conception initiale \u00e0 la production finale. Laissez-nous \u00eatre ce seul num\u00e9ro \u00e0 appeler (ou email) o\u00f9 tout est r\u00e9alis\u00e9 harmonieusement<\/p>\n","protected":false},"author":1,"featured_media":0,"parent":0,"menu_order":0,"comment_status":"closed","ping_status":"closed","template":"expertise-template.php","meta":[],"acf":[],"_links":{"self":[{"href":"https:\/\/firstwebrand.com\/fr\/wp-json\/wp\/v2\/pages\/23358"}],"collection":[{"href":"https:\/\/firstwebrand.com\/fr\/wp-json\/wp\/v2\/pages"}],"about":[{"href":"https:\/\/firstwebrand.com\/fr\/wp-json\/wp\/v2\/types\/page"}],"author":[{"embeddable":true,"href":"https:\/\/firstwebrand.com\/fr\/wp-json\/wp\/v2\/users\/1"}],"replies":[{"embeddable":true,"href":"https:\/\/firstwebrand.com\/fr\/wp-json\/wp\/v2\/comments?post=23358"}],"version-history":[{"count":5,"href":"https:\/\/firstwebrand.com\/fr\/wp-json\/wp\/v2\/pages\/23358\/revisions"}],"predecessor-version":[{"id":23464,"href":"https:\/\/firstwebrand.com\/fr\/wp-json\/wp\/v2\/pages\/23358\/revisions\/23464"}],"wp:attachment":[{"href":"https:\/\/firstwebrand.com\/fr\/wp-json\/wp\/v2\/media?parent=23358"}],"curies":[{"name":"wp","href":"https:\/\/api.w.org\/{rel}","templated":true}]}}